{"id":2845,"date":"2024-04-24T13:22:34","date_gmt":"2024-04-24T11:22:34","guid":{"rendered":"https:\/\/libreysalvaje.com\/wines\/"},"modified":"2025-11-24T12:34:26","modified_gmt":"2025-11-24T11:34:26","slug":"wines","status":"publish","type":"page","link":"https:\/\/libreysalvaje.com\/en\/wines\/","title":{"rendered":"Wines"},"content":{"rendered":"\t\t<div data-elementor-type=\"wp-page\" data-elementor-id=\"2845\" class=\"elementor elementor-2845 elementor-22\">\n\t\t\t\t<div class=\"elementor-element elementor-element-7665223 e-flex e-con-boxed wpr-particle-no wpr-jarallax-no wpr-parallax-no wpr-sticky-section-no e-con e-parent\" data-id=\"7665223\" data-element_type=\"container\" data-settings=\"{&quot;background_background&quot;:&quot;classic&quot;}\">\n\t\t\t\t\t<div class=\"e-con-inner\">\n\t\t\t\t<div class=\"elementor-element elementor-element-4d446f7 elementor-widget elementor-widget-spacer\" data-id=\"4d446f7\" data-element_type=\"widget\" data-widget_type=\"spacer.default\">\n\t\t\t\t<div class=\"elementor-widget-container\">\n\t\t\t\t\t\t\t<div class=\"elementor-spacer\">\n\t\t\t<div class=\"elementor-spacer-inner\"><\/div>\n\t\t<\/div>\n\t\t\t\t\t\t<\/div>\n\t\t\t\t<\/div>\n\t\t\t\t<div class=\"elementor-element elementor-element-f5a1b1b elementor-widget elementor-widget-heading\" data-id=\"f5a1b1b\" data-element_type=\"widget\" data-widget_type=\"heading.default\">\n\t\t\t\t<div class=\"elementor-widget-container\">\n\t\t\t\t\t<h1 class=\"elementor-heading-title elementor-size-default\">Libre y Salvaje Wines<\/h1>\t\t\t\t<\/div>\n\t\t\t\t<\/div>\n\t\t<div class=\"elementor-element elementor-element-9e5de78 e-grid e-con-boxed wpr-particle-no wpr-jarallax-no wpr-parallax-no wpr-sticky-section-no e-con e-child\" data-id=\"9e5de78\" data-element_type=\"container\">\n\t\t\t\t\t<div class=\"e-con-inner\">\n\t\t<div class=\"elementor-element elementor-element-0900ee5 e-con-full e-flex wpr-particle-no wpr-jarallax-no wpr-parallax-no wpr-sticky-section-no e-con e-child\" data-id=\"0900ee5\" data-element_type=\"container\">\n\t\t\t\t<div class=\"elementor-element elementor-element-acc1e28 elementor-widget elementor-widget-image\" data-id=\"acc1e28\" data-element_type=\"widget\" data-widget_type=\"image.default\">\n\t\t\t\t<div class=\"elementor-widget-container\">\n\t\t\t\t\t\t\t\t\t\t\t\t\t\t\t<img fetchpriority=\"high\" decoding=\"async\" width=\"683\" height=\"1024\" src=\"https:\/\/libreysalvaje.com\/wp-content\/uploads\/2024\/07\/Vinopueblo-scaled-2-683x1024.webp\" class=\"attachment-large size-large wp-image-2789\" alt=\"Imagen de un lote de vinos de pueblo de la bodega Libre y Salvaje, con botellas que destacan por su dise\u00f1o r\u00fastico y aut\u00e9ntico.\" srcset=\"https:\/\/libreysalvaje.com\/wp-content\/uploads\/2024\/07\/Vinopueblo-scaled-2-683x1024.webp 683w, https:\/\/libreysalvaje.com\/wp-content\/uploads\/2024\/07\/Vinopueblo-scaled-2-200x300.webp 200w, https:\/\/libreysalvaje.com\/wp-content\/uploads\/2024\/07\/Vinopueblo-scaled-2-768x1152.webp 768w, https:\/\/libreysalvaje.com\/wp-content\/uploads\/2024\/07\/Vinopueblo-scaled-2-1024x1536.webp 1024w, https:\/\/libreysalvaje.com\/wp-content\/uploads\/2024\/07\/Vinopueblo-scaled-2-1366x2048.webp 1366w, https:\/\/libreysalvaje.com\/wp-content\/uploads\/2024\/07\/Vinopueblo-scaled-2.webp 1707w\" sizes=\"(max-width: 683px) 100vw, 683px\" \/>\t\t\t\t\t\t\t\t\t\t\t\t\t\t\t<\/div>\n\t\t\t\t<\/div>\n\t\t\t\t<div class=\"elementor-element elementor-element-209c1d0 elementor-widget elementor-widget-heading\" data-id=\"209c1d0\" data-element_type=\"widget\" data-widget_type=\"heading.default\">\n\t\t\t\t<div class=\"elementor-widget-container\">\n\t\t\t\t\t<h2 class=\"elementor-heading-title elementor-size-default\">VILLAGE WINES<\/h2>\t\t\t\t<\/div>\n\t\t\t\t<\/div>\n\t\t\t\t<div class=\"elementor-element elementor-element-5fcd67a elementor-widget elementor-widget-text-editor\" data-id=\"5fcd67a\" data-element_type=\"widget\" data-widget_type=\"text-editor.default\">\n\t\t\t\t<div class=\"elementor-widget-container\">\n\t\t\t\t\t\t\t\t\t<p>Handcrafted<br>by gravity<\/p>\t\t\t\t\t\t\t\t<\/div>\n\t\t\t\t<\/div>\n\t\t\t\t<div class=\"elementor-element elementor-element-586e304 elementor-align-center elementor-widget elementor-widget-button\" data-id=\"586e304\" data-element_type=\"widget\" data-widget_type=\"button.default\">\n\t\t\t\t<div class=\"elementor-widget-container\">\n\t\t\t\t\t\t\t\t\t<div class=\"elementor-button-wrapper\">\n\t\t\t\t\t<a class=\"elementor-button elementor-button-link elementor-size-sm\" href=\"https:\/\/libreysalvaje.com\/en\/wines\/village-wines\/\" id=\"vinos-pueblo\">\n\t\t\t\t\t\t<span class=\"elementor-button-content-wrapper\">\n\t\t\t\t\t\t<span class=\"elementor-button-icon\">\n\t\t\t\t<svg aria-hidden=\"true\" class=\"e-font-icon-svg e-fas-long-arrow-alt-right\" viewBox=\"0 0 448 512\" xmlns=\"http:\/\/www.w3.org\/2000\/svg\"><path d=\"M313.941 216H12c-6.627 0-12 5.373-12 12v56c0 6.627 5.373 12 12 12h301.941v46.059c0 21.382 25.851 32.09 40.971 16.971l86.059-86.059c9.373-9.373 9.373-24.569 0-33.941l-86.059-86.059c-15.119-15.119-40.971-4.411-40.971 16.971V216z\"><\/path><\/svg>\t\t\t<\/span>\n\t\t\t\t\t\t\t\t\t<span class=\"elementor-button-text\">See wines<\/span>\n\t\t\t\t\t<\/span>\n\t\t\t\t\t<\/a>\n\t\t\t\t<\/div>\n\t\t\t\t\t\t\t\t<\/div>\n\t\t\t\t<\/div>\n\t\t\t\t<\/div>\n\t\t<div class=\"elementor-element elementor-element-2d672be e-flex e-con-boxed wpr-particle-no wpr-jarallax-no wpr-parallax-no wpr-sticky-section-no e-con e-child\" data-id=\"2d672be\" data-element_type=\"container\">\n\t\t\t\t\t<div class=\"e-con-inner\">\n\t\t\t\t<div class=\"elementor-element elementor-element-be4c241 elementor-widget elementor-widget-image\" data-id=\"be4c241\" data-element_type=\"widget\" data-widget_type=\"image.default\">\n\t\t\t\t<div class=\"elementor-widget-container\">\n\t\t\t\t\t\t\t\t\t\t\t\t\t\t\t<img decoding=\"async\" width=\"683\" height=\"1024\" src=\"https:\/\/libreysalvaje.com\/wp-content\/uploads\/2024\/05\/Vinoparaje-683x1024.webp\" class=\"attachment-large size-large wp-image-2760\" alt=\"\" srcset=\"https:\/\/libreysalvaje.com\/wp-content\/uploads\/2024\/05\/Vinoparaje-683x1024.webp 683w, https:\/\/libreysalvaje.com\/wp-content\/uploads\/2024\/05\/Vinoparaje-200x300.webp 200w, https:\/\/libreysalvaje.com\/wp-content\/uploads\/2024\/05\/Vinoparaje-768x1152.webp 768w, https:\/\/libreysalvaje.com\/wp-content\/uploads\/2024\/05\/Vinoparaje-scaled.webp 1707w\" sizes=\"(max-width: 683px) 100vw, 683px\" \/>\t\t\t\t\t\t\t\t\t\t\t\t\t\t\t<\/div>\n\t\t\t\t<\/div>\n\t\t\t\t<div class=\"elementor-element elementor-element-5369978 elementor-widget elementor-widget-heading\" data-id=\"5369978\" data-element_type=\"widget\" data-widget_type=\"heading.default\">\n\t\t\t\t<div class=\"elementor-widget-container\">\n\t\t\t\t\t<h2 class=\"elementor-heading-title elementor-size-default\">LOCAL WINES<\/h2>\t\t\t\t<\/div>\n\t\t\t\t<\/div>\n\t\t\t\t<div class=\"elementor-element elementor-element-825010d elementor-widget elementor-widget-text-editor\" data-id=\"825010d\" data-element_type=\"widget\" data-widget_type=\"text-editor.default\">\n\t\t\t\t<div class=\"elementor-widget-container\">\n\t\t\t\t\t\t\t\t\t<p>Because in life, the best is always free and wild.<\/p>\t\t\t\t\t\t\t\t<\/div>\n\t\t\t\t<\/div>\n\t\t\t\t<div class=\"elementor-element elementor-element-68f4117 elementor-align-center elementor-widget elementor-widget-button\" data-id=\"68f4117\" data-element_type=\"widget\" data-widget_type=\"button.default\">\n\t\t\t\t<div class=\"elementor-widget-container\">\n\t\t\t\t\t\t\t\t\t<div class=\"elementor-button-wrapper\">\n\t\t\t\t\t<a class=\"elementor-button elementor-button-link elementor-size-sm\" href=\"https:\/\/libreysalvaje.com\/en\/wines\/local-wines\/\" id=\"vinos-paraje\">\n\t\t\t\t\t\t<span class=\"elementor-button-content-wrapper\">\n\t\t\t\t\t\t<span class=\"elementor-button-icon\">\n\t\t\t\t<svg aria-hidden=\"true\" class=\"e-font-icon-svg e-fas-long-arrow-alt-right\" viewBox=\"0 0 448 512\" xmlns=\"http:\/\/www.w3.org\/2000\/svg\"><path d=\"M313.941 216H12c-6.627 0-12 5.373-12 12v56c0 6.627 5.373 12 12 12h301.941v46.059c0 21.382 25.851 32.09 40.971 16.971l86.059-86.059c9.373-9.373 9.373-24.569 0-33.941l-86.059-86.059c-15.119-15.119-40.971-4.411-40.971 16.971V216z\"><\/path><\/svg>\t\t\t<\/span>\n\t\t\t\t\t\t\t\t\t<span class=\"elementor-button-text\">See wines<\/span>\n\t\t\t\t\t<\/span>\n\t\t\t\t\t<\/a>\n\t\t\t\t<\/div>\n\t\t\t\t\t\t\t\t<\/div>\n\t\t\t\t<\/div>\n\t\t\t\t\t<\/div>\n\t\t\t\t<\/div>\n\t\t<div class=\"elementor-element elementor-element-8854a4c e-flex e-con-boxed wpr-particle-no wpr-jarallax-no wpr-parallax-no wpr-sticky-section-no e-con e-child\" data-id=\"8854a4c\" data-element_type=\"container\">\n\t\t\t\t\t<div class=\"e-con-inner\">\n\t\t\t\t<div class=\"elementor-element elementor-element-97ca8ee elementor-widget elementor-widget-image\" data-id=\"97ca8ee\" data-element_type=\"widget\" data-widget_type=\"image.default\">\n\t\t\t\t<div class=\"elementor-widget-container\">\n\t\t\t\t\t\t\t\t\t\t\t\t\t\t\t<img decoding=\"async\" width=\"683\" height=\"1024\" src=\"https:\/\/libreysalvaje.com\/wp-content\/uploads\/2025\/11\/vinos-de-parcela-683x1024.png\" class=\"attachment-large size-large wp-image-3034\" alt=\"Imagen de un lote de vinos de alta calidad provenientes de una parcela espec\u00edfica, exhibidos en botellas elegantes.\" srcset=\"https:\/\/libreysalvaje.com\/wp-content\/uploads\/2025\/11\/vinos-de-parcela-683x1024.png 683w, https:\/\/libreysalvaje.com\/wp-content\/uploads\/2025\/11\/vinos-de-parcela-200x300.png 200w, https:\/\/libreysalvaje.com\/wp-content\/uploads\/2025\/11\/vinos-de-parcela.png 720w\" sizes=\"(max-width: 683px) 100vw, 683px\" \/>\t\t\t\t\t\t\t\t\t\t\t\t\t\t\t<\/div>\n\t\t\t\t<\/div>\n\t\t\t\t<div class=\"elementor-element elementor-element-ae109f6 elementor-widget elementor-widget-heading\" data-id=\"ae109f6\" data-element_type=\"widget\" data-widget_type=\"heading.default\">\n\t\t\t\t<div class=\"elementor-widget-container\">\n\t\t\t\t\t<h2 class=\"elementor-heading-title elementor-size-default\">PLOT WINES<\/h2>\t\t\t\t<\/div>\n\t\t\t\t<\/div>\n\t\t\t\t<div class=\"elementor-element elementor-element-c72afdf elementor-widget elementor-widget-text-editor\" data-id=\"c72afdf\" data-element_type=\"widget\" data-widget_type=\"text-editor.default\">\n\t\t\t\t<div class=\"elementor-widget-container\">\n\t\t\t\t\t\t\t\t\t<p>When the hard road leads higher<\/p>\t\t\t\t\t\t\t\t<\/div>\n\t\t\t\t<\/div>\n\t\t\t\t<div class=\"elementor-element elementor-element-e67dcf1 elementor-align-center elementor-widget elementor-widget-button\" data-id=\"e67dcf1\" data-element_type=\"widget\" data-widget_type=\"button.default\">\n\t\t\t\t<div class=\"elementor-widget-container\">\n\t\t\t\t\t\t\t\t\t<div class=\"elementor-button-wrapper\">\n\t\t\t\t\t<a class=\"elementor-button elementor-button-link elementor-size-sm\" href=\"https:\/\/libreysalvaje.com\/en\/wines\/plot-wines\/\" id=\"vinos-parcela\">\n\t\t\t\t\t\t<span class=\"elementor-button-content-wrapper\">\n\t\t\t\t\t\t<span class=\"elementor-button-icon\">\n\t\t\t\t<svg aria-hidden=\"true\" class=\"e-font-icon-svg e-fas-long-arrow-alt-right\" viewBox=\"0 0 448 512\" xmlns=\"http:\/\/www.w3.org\/2000\/svg\"><path d=\"M313.941 216H12c-6.627 0-12 5.373-12 12v56c0 6.627 5.373 12 12 12h301.941v46.059c0 21.382 25.851 32.09 40.971 16.971l86.059-86.059c9.373-9.373 9.373-24.569 0-33.941l-86.059-86.059c-15.119-15.119-40.971-4.411-40.971 16.971V216z\"><\/path><\/svg>\t\t\t<\/span>\n\t\t\t\t\t\t\t\t\t<span class=\"elementor-button-text\">See wines<\/span>\n\t\t\t\t\t<\/span>\n\t\t\t\t\t<\/a>\n\t\t\t\t<\/div>\n\t\t\t\t\t\t\t\t<\/div>\n\t\t\t\t<\/div>\n\t\t\t\t\t<\/div>\n\t\t\t\t<\/div>\n\t\t\t\t\t<\/div>\n\t\t\t\t<\/div>\n\t\t\t\t\t<\/div>\n\t\t\t\t<\/div>\n\t\t\t\t<\/div>\n\t\t","protected":false},"excerpt":{"rendered":"<p>Libre y Salvaje Wines VILLAGE WINES Handcraftedby gravity See wines LOCAL WINES Because in life, the best is always free and wild. See wines PLOT WINES When the hard road leads higher See wines<\/p>\n","protected":false},"author":3,"featured_media":0,"parent":0,"menu_order":0,"comment_status":"closed","ping_status":"closed","template":"elementor_header_footer","meta":{"site-sidebar-layout":"no-sidebar","site-content-layout":"","ast-site-content-layout":"full-width-container","site-content-style":"default","site-sidebar-style":"default","ast-global-header-display":"","ast-banner-title-visibility":"","ast-main-header-display":"","ast-hfb-above-header-display":"","ast-hfb-below-header-display":"","ast-hfb-mobile-header-display":"","site-post-title":"disabled","ast-breadcrumbs-content":"","ast-featured-img":"disabled","footer-sml-layout":"","theme-transparent-header-meta":"","adv-header-id-meta":"","stick-header-meta":"","header-above-stick-meta":"","header-main-stick-meta":"","header-below-stick-meta":"","astra-migrate-meta-layouts":"default","ast-page-background-enabled":"default","ast-page-background-meta":{"desktop":{"background-color":"var(--ast-global-color-4)","background-image":"","background-repeat":"repeat","background-position":"center center","background-size":"auto","background-attachment":"scroll","background-type":"","background-media":"","overlay-type":"","overlay-color":"","overlay-opacity":"","overlay-gradient":""},"tablet":{"background-color":"","background-image":"","background-repeat":"repeat","background-position":"center center","background-size":"auto","background-attachment":"scroll","background-type":"","background-media":"","overlay-type":"","overlay-color":"","overlay-opacity":"","overlay-gradient":""},"mobile":{"background-color":"","background-image":"","background-repeat":"repeat","background-position":"center center","background-size":"auto","background-attachment":"scroll","background-type":"","background-media":"","overlay-type":"","overlay-color":"","overlay-opacity":"","overlay-gradient":""}},"ast-content-background-meta":{"desktop":{"background-color":"var(--ast-global-color-5)","background-image":"","background-repeat":"repeat","background-position":"center center","background-size":"auto","background-attachment":"scroll","background-type":"","background-media":"","overlay-type":"","overlay-color":"","overlay-opacity":"","overlay-gradient":""},"tablet":{"background-color":"var(--ast-global-color-5)","background-image":"","background-repeat":"repeat","background-position":"center center","background-size":"auto","background-attachment":"scroll","background-type":"","background-media":"","overlay-type":"","overlay-color":"","overlay-opacity":"","overlay-gradient":""},"mobile":{"background-color":"var(--ast-global-color-5)","background-image":"","background-repeat":"repeat","background-position":"center center","background-size":"auto","background-attachment":"scroll","background-type":"","background-media":"","overlay-type":"","overlay-color":"","overlay-opacity":"","overlay-gradient":""}},"footnotes":""},"class_list":["post-2845","page","type-page","status-publish","hentry"],"yoast_head":"<!-- This site is optimized with the Yoast SEO plugin v26.2 - https:\/\/yoast.com\/wordpress\/plugins\/seo\/ -->\n<title>Libre y Salvaje Wines | Organic &amp; Natural Wines<\/title>\n<meta name=\"description\" content=\"Discover all the types of Libre y Salvaje wines. Find out how it is made and its main characteristics.\" \/>\n<meta name=\"robots\" content=\"index, follow, max-snippet:-1, max-image-preview:large, max-video-preview:-1\" \/>\n<link rel=\"canonical\" href=\"https:\/\/libreysalvaje.com\/en\/wines\/\" \/>\n<meta property=\"og:locale\" content=\"en_US\" \/>\n<meta property=\"og:type\" content=\"article\" \/>\n<meta property=\"og:title\" content=\"Libre y Salvaje Wines | Organic &amp; Natural Wines\" \/>\n<meta property=\"og:description\" content=\"Discover all the types of Libre y Salvaje wines. Find out how it is made and its main characteristics.\" \/>\n<meta property=\"og:url\" content=\"https:\/\/libreysalvaje.com\/en\/wines\/\" \/>\n<meta property=\"og:site_name\" content=\"Libre y Salvaje\" \/>\n<meta property=\"article:modified_time\" content=\"2025-11-24T11:34:26+00:00\" \/>\n<meta property=\"og:image\" content=\"https:\/\/libreysalvaje.com\/wp-content\/uploads\/2024\/07\/Vinopueblo-scaled-2.webp\" \/>\n\t<meta property=\"og:image:width\" content=\"1707\" \/>\n\t<meta property=\"og:image:height\" content=\"2560\" \/>\n\t<meta property=\"og:image:type\" content=\"image\/webp\" \/>\n<meta name=\"twitter:card\" content=\"summary_large_image\" \/>\n<script type=\"application\/ld+json\" class=\"yoast-schema-graph\">{\"@context\":\"https:\/\/schema.org\",\"@graph\":[{\"@type\":\"WebPage\",\"@id\":\"https:\/\/libreysalvaje.com\/en\/wines\/\",\"url\":\"https:\/\/libreysalvaje.com\/en\/wines\/\",\"name\":\"Libre y Salvaje Wines | Organic & Natural Wines\",\"isPartOf\":{\"@id\":\"https:\/\/libreysalvaje.com\/en\/#website\"},\"primaryImageOfPage\":{\"@id\":\"https:\/\/libreysalvaje.com\/en\/wines\/#primaryimage\"},\"image\":{\"@id\":\"https:\/\/libreysalvaje.com\/en\/wines\/#primaryimage\"},\"thumbnailUrl\":\"https:\/\/libreysalvaje.com\/wp-content\/uploads\/2024\/07\/Vinopueblo-scaled-2-683x1024.webp\",\"datePublished\":\"2024-04-24T11:22:34+00:00\",\"dateModified\":\"2025-11-24T11:34:26+00:00\",\"description\":\"Discover all the types of Libre y Salvaje wines. Find out how it is made and its main characteristics.\",\"breadcrumb\":{\"@id\":\"https:\/\/libreysalvaje.com\/en\/wines\/#breadcrumb\"},\"inLanguage\":\"en-US\",\"potentialAction\":[{\"@type\":\"ReadAction\",\"target\":[\"https:\/\/libreysalvaje.com\/en\/wines\/\"]}]},{\"@type\":\"ImageObject\",\"inLanguage\":\"en-US\",\"@id\":\"https:\/\/libreysalvaje.com\/en\/wines\/#primaryimage\",\"url\":\"https:\/\/libreysalvaje.com\/wp-content\/uploads\/2024\/07\/Vinopueblo-scaled-2-683x1024.webp\",\"contentUrl\":\"https:\/\/libreysalvaje.com\/wp-content\/uploads\/2024\/07\/Vinopueblo-scaled-2-683x1024.webp\"},{\"@type\":\"BreadcrumbList\",\"@id\":\"https:\/\/libreysalvaje.com\/en\/wines\/#breadcrumb\",\"itemListElement\":[{\"@type\":\"ListItem\",\"position\":1,\"name\":\"Portada\",\"item\":\"https:\/\/libreysalvaje.com\/en\/home\/\"},{\"@type\":\"ListItem\",\"position\":2,\"name\":\"Wines\"}]},{\"@type\":\"WebSite\",\"@id\":\"https:\/\/libreysalvaje.com\/en\/#website\",\"url\":\"https:\/\/libreysalvaje.com\/en\/\",\"name\":\"Libre y Salvaje\",\"description\":\"\",\"publisher\":{\"@id\":\"https:\/\/libreysalvaje.com\/en\/#organization\"},\"potentialAction\":[{\"@type\":\"SearchAction\",\"target\":{\"@type\":\"EntryPoint\",\"urlTemplate\":\"https:\/\/libreysalvaje.com\/en\/?s={search_term_string}\"},\"query-input\":{\"@type\":\"PropertyValueSpecification\",\"valueRequired\":true,\"valueName\":\"search_term_string\"}}],\"inLanguage\":\"en-US\"},{\"@type\":\"Organization\",\"@id\":\"https:\/\/libreysalvaje.com\/en\/#organization\",\"name\":\"Libre y Salvaje\",\"url\":\"https:\/\/libreysalvaje.com\/en\/\",\"logo\":{\"@type\":\"ImageObject\",\"inLanguage\":\"en-US\",\"@id\":\"https:\/\/libreysalvaje.com\/en\/#\/schema\/logo\/image\/\",\"url\":\"https:\/\/libreysalvaje.com\/wp-content\/uploads\/2024\/05\/Logotipo-Libre-y-Salvaje.png\",\"contentUrl\":\"https:\/\/libreysalvaje.com\/wp-content\/uploads\/2024\/05\/Logotipo-Libre-y-Salvaje.png\",\"width\":2519,\"height\":501,\"caption\":\"Libre y Salvaje\"},\"image\":{\"@id\":\"https:\/\/libreysalvaje.com\/en\/#\/schema\/logo\/image\/\"}}]}<\/script>\n<!-- \/ Yoast SEO plugin. -->","yoast_head_json":{"title":"Libre y Salvaje Wines | Organic & Natural Wines","description":"Discover all the types of Libre y Salvaje wines. Find out how it is made and its main characteristics.","robots":{"index":"index","follow":"follow","max-snippet":"max-snippet:-1","max-image-preview":"max-image-preview:large","max-video-preview":"max-video-preview:-1"},"canonical":"https:\/\/libreysalvaje.com\/en\/wines\/","og_locale":"en_US","og_type":"article","og_title":"Libre y Salvaje Wines | Organic & Natural Wines","og_description":"Discover all the types of Libre y Salvaje wines. Find out how it is made and its main characteristics.","og_url":"https:\/\/libreysalvaje.com\/en\/wines\/","og_site_name":"Libre y Salvaje","article_modified_time":"2025-11-24T11:34:26+00:00","og_image":[{"width":1707,"height":2560,"url":"https:\/\/libreysalvaje.com\/wp-content\/uploads\/2024\/07\/Vinopueblo-scaled-2.webp","type":"image\/webp"}],"twitter_card":"summary_large_image","schema":{"@context":"https:\/\/schema.org","@graph":[{"@type":"WebPage","@id":"https:\/\/libreysalvaje.com\/en\/wines\/","url":"https:\/\/libreysalvaje.com\/en\/wines\/","name":"Libre y Salvaje Wines | Organic & Natural Wines","isPartOf":{"@id":"https:\/\/libreysalvaje.com\/en\/#website"},"primaryImageOfPage":{"@id":"https:\/\/libreysalvaje.com\/en\/wines\/#primaryimage"},"image":{"@id":"https:\/\/libreysalvaje.com\/en\/wines\/#primaryimage"},"thumbnailUrl":"https:\/\/libreysalvaje.com\/wp-content\/uploads\/2024\/07\/Vinopueblo-scaled-2-683x1024.webp","datePublished":"2024-04-24T11:22:34+00:00","dateModified":"2025-11-24T11:34:26+00:00","description":"Discover all the types of Libre y Salvaje wines. Find out how it is made and its main characteristics.","breadcrumb":{"@id":"https:\/\/libreysalvaje.com\/en\/wines\/#breadcrumb"},"inLanguage":"en-US","potentialAction":[{"@type":"ReadAction","target":["https:\/\/libreysalvaje.com\/en\/wines\/"]}]},{"@type":"ImageObject","inLanguage":"en-US","@id":"https:\/\/libreysalvaje.com\/en\/wines\/#primaryimage","url":"https:\/\/libreysalvaje.com\/wp-content\/uploads\/2024\/07\/Vinopueblo-scaled-2-683x1024.webp","contentUrl":"https:\/\/libreysalvaje.com\/wp-content\/uploads\/2024\/07\/Vinopueblo-scaled-2-683x1024.webp"},{"@type":"BreadcrumbList","@id":"https:\/\/libreysalvaje.com\/en\/wines\/#breadcrumb","itemListElement":[{"@type":"ListItem","position":1,"name":"Portada","item":"https:\/\/libreysalvaje.com\/en\/home\/"},{"@type":"ListItem","position":2,"name":"Wines"}]},{"@type":"WebSite","@id":"https:\/\/libreysalvaje.com\/en\/#website","url":"https:\/\/libreysalvaje.com\/en\/","name":"Libre y Salvaje","description":"","publisher":{"@id":"https:\/\/libreysalvaje.com\/en\/#organization"},"potentialAction":[{"@type":"SearchAction","target":{"@type":"EntryPoint","urlTemplate":"https:\/\/libreysalvaje.com\/en\/?s={search_term_string}"},"query-input":{"@type":"PropertyValueSpecification","valueRequired":true,"valueName":"search_term_string"}}],"inLanguage":"en-US"},{"@type":"Organization","@id":"https:\/\/libreysalvaje.com\/en\/#organization","name":"Libre y Salvaje","url":"https:\/\/libreysalvaje.com\/en\/","logo":{"@type":"ImageObject","inLanguage":"en-US","@id":"https:\/\/libreysalvaje.com\/en\/#\/schema\/logo\/image\/","url":"https:\/\/libreysalvaje.com\/wp-content\/uploads\/2024\/05\/Logotipo-Libre-y-Salvaje.png","contentUrl":"https:\/\/libreysalvaje.com\/wp-content\/uploads\/2024\/05\/Logotipo-Libre-y-Salvaje.png","width":2519,"height":501,"caption":"Libre y Salvaje"},"image":{"@id":"https:\/\/libreysalvaje.com\/en\/#\/schema\/logo\/image\/"}}]}},"_links":{"self":[{"href":"https:\/\/libreysalvaje.com\/en\/wp-json\/wp\/v2\/pages\/2845","targetHints":{"allow":["GET"]}}],"collection":[{"href":"https:\/\/libreysalvaje.com\/en\/wp-json\/wp\/v2\/pages"}],"about":[{"href":"https:\/\/libreysalvaje.com\/en\/wp-json\/wp\/v2\/types\/page"}],"author":[{"embeddable":true,"href":"https:\/\/libreysalvaje.com\/en\/wp-json\/wp\/v2\/users\/3"}],"replies":[{"embeddable":true,"href":"https:\/\/libreysalvaje.com\/en\/wp-json\/wp\/v2\/comments?post=2845"}],"version-history":[{"count":2,"href":"https:\/\/libreysalvaje.com\/en\/wp-json\/wp\/v2\/pages\/2845\/revisions"}],"predecessor-version":[{"id":3038,"href":"https:\/\/libreysalvaje.com\/en\/wp-json\/wp\/v2\/pages\/2845\/revisions\/3038"}],"wp:attachment":[{"href":"https:\/\/libreysalvaje.com\/en\/wp-json\/wp\/v2\/media?parent=2845"}],"curies":[{"name":"wp","href":"https:\/\/api.w.org\/{rel}","templated":true}]}}